{"id":283,"date":"2025-03-10T13:19:46","date_gmt":"2025-03-10T16:19:46","guid":{"rendered":"https:\/\/homologacao.confortbrisa.com.br\/wpstaging\/?page_id=283"},"modified":"2025-03-21T12:10:51","modified_gmt":"2025-03-21T15:10:51","slug":"comercios","status":"publish","type":"page","link":"https:\/\/homologacao.confortbrisa.com.br\/wpstaging\/segmentos-atendidos\/comercios\/","title":{"rendered":"Com\u00e9rcios"},"content":{"rendered":"<p><span style=\"font-weight: 400;\">Para diferentes tipos de estabelecimentos comerciais, nossos climatizadores oferecem solu\u00e7\u00f5es adaptadas para atender \u00e0s necessidades espec\u00edficas de cada loja ou escrit\u00f3rio:<\/span><\/p>\n<ul>\n<li style=\"font-weight: 400;\" aria-level=\"1\"><b>Lojas de Varejo<\/b><span style=\"font-weight: 400;\">: Climatizadores que garantem um ambiente confort\u00e1vel para clientes e funcion\u00e1rios, ajudando a criar uma experi\u00eancia de compra agrad\u00e1vel.<\/span><\/li>\n<li style=\"font-weight: 400;\" aria-level=\"1\"><b>Escrit\u00f3rios e Espa\u00e7os Comerciais<\/b><span style=\"font-weight: 400;\">: Solu\u00e7\u00f5es de climatiza\u00e7\u00e3o que promovem um ambiente de trabalho produtivo e confort\u00e1vel.<\/span><\/li>\n<\/ul>\n<p><b>Benef\u00edcios:<\/b><\/p>\n<ul>\n<li style=\"font-weight: 400;\" aria-level=\"1\"><span style=\"font-weight: 400;\">Cria\u00e7\u00e3o de um ambiente de compras agrad\u00e1vel<\/span><\/li>\n<li style=\"font-weight: 400;\" aria-level=\"1\"><span style=\"font-weight: 400;\">Aumento da satisfa\u00e7\u00e3o dos funcion\u00e1rios e clientes<\/span><\/li>\n<li style=\"font-weight: 400;\" aria-level=\"1\"><span style=\"font-weight: 400;\">Solu\u00e7\u00f5es econ\u00f4micas e eficientes<\/span><\/li>\n<\/ul>\n","protected":false},"excerpt":{"rendered":"<p>Climatiza\u00e7\u00e3o eficiente para lojas e escrit\u00f3rios. Ambientes mais agrad\u00e1veis para clientes, mais conforto e produtividade para sua equipe.<\/p>\n","protected":false},"author":1,"featured_media":617,"parent":35,"menu_order":14,"comment_status":"closed","ping_status":"closed","template":"","meta":{"_joinchat":[],"footnotes":""},"class_list":["post-283","page","type-page","status-publish","has-post-thumbnail","hentry"],"blocksy_meta":[],"_links":{"self":[{"href":"https:\/\/homologacao.confortbrisa.com.br\/wpstaging\/wp-json\/wp\/v2\/pages\/283","targetHints":{"allow":["GET"]}}],"collection":[{"href":"https:\/\/homologacao.confortbrisa.com.br\/wpstaging\/wp-json\/wp\/v2\/pages"}],"about":[{"href":"https:\/\/homologacao.confortbrisa.com.br\/wpstaging\/wp-json\/wp\/v2\/types\/page"}],"author":[{"embeddable":true,"href":"https:\/\/homologacao.confortbrisa.com.br\/wpstaging\/wp-json\/wp\/v2\/users\/1"}],"replies":[{"embeddable":true,"href":"https:\/\/homologacao.confortbrisa.com.br\/wpstaging\/wp-json\/wp\/v2\/comments?post=283"}],"version-history":[{"count":0,"href":"https:\/\/homologacao.confortbrisa.com.br\/wpstaging\/wp-json\/wp\/v2\/pages\/283\/revisions"}],"up":[{"embeddable":true,"href":"https:\/\/homologacao.confortbrisa.com.br\/wpstaging\/wp-json\/wp\/v2\/pages\/35"}],"wp:featuredmedia":[{"embeddable":true,"href":"https:\/\/homologacao.confortbrisa.com.br\/wpstaging\/wp-json\/wp\/v2\/media\/617"}],"wp:attachment":[{"href":"https:\/\/homologacao.confortbrisa.com.br\/wpstaging\/wp-json\/wp\/v2\/media?parent=283"}],"curies":[{"name":"wp","href":"https:\/\/api.w.org\/{rel}","templated":true}]}}